{"id":16,"date":"2020-01-02T14:12:45","date_gmt":"2020-01-02T13:12:45","guid":{"rendered":"http:\/\/kopainkopine.com\/?page_id=16"},"modified":"2023-11-22T17:45:35","modified_gmt":"2023-11-22T16:45:35","slug":"le-nouveau-e-mucem-ouvre-ses-portes-2","status":"publish","type":"page","link":"https:\/\/kopainkopine.com\/","title":{"rendered":"LE CAFE ONDINE, VOUS CONNAISSEZ?"},"content":{"rendered":"\n<div class=\"wp-block-group\"><div class=\"wp-block-group__inner-container is-layout-flow wp-block-group-is-layout-flow\">\n<h3>Nich\u00e9 au coeur du DRAKKAR, 2405 Route des Dolines \u00e0 Sophia-Antipolis, il est ouvert du Lundi au Vendredi, de 11h \u00e0 14h, pour d\u00e9jeuner sans perdre de temps, ou au contraire y prendre le temps&#8230;<\/h3>\n<p><strong>En fonction de votre faim ou de la dur\u00e9e de votre pause, vous y trouverez tous les jours un tr\u00e8s large choix de plats chauds, burgers, sandwiches, snacking, panini, salades, desserts et viennoiseries fabriqu\u00e9s sur place et que vous accompagnerez de boissons chaudes ou froides.<\/strong><\/p>\n<p><strong>Quand le soleil brille vous pourrez profiter de nos terrasses de plein air et des aires de pique-nique sous les pins, et quand le froid ou la pluie vous donneront envie de rester \u00e0 l&rsquo;abri, alors vous pourrez profiter de notre terrasse couverte et chauff\u00e9e, ou emporter votre repas si vous le souhaitez&#8230;<\/strong><\/p>\n<p><strong>A tr\u00e8s bient\u00f4t au CAFE ONDINE&#8230;ou bien \u00e0 la KARAVAN&rsquo;FOOD, c&rsquo;est la m\u00eame maison, et c&rsquo;est l\u00e0 que nos d\u00e9licieux burgers y sont pr\u00e9par\u00e9s tous les jours avec amour!<\/strong><\/p>\n<p><strong>Agn\u00e8s et ses Dr\u00f4les de Dames<\/strong><\/p>\n<\/div><\/div>\n\n\n\n<div class=\"wp-block-group\"><div class=\"wp-block-group__inner-container is-layout-constrained wp-block-group-is-layout-constrained\">\n<div class=\"wp-block-buttons is-content-justification-center is-layout-flex wp-container-core-buttons-is-layout-16018d1d wp-block-buttons-is-layout-flex\">\n<div class=\"wp-block-button is-style-outline is-style-outline--1\"><a class=\"wp-block-button__link wp-element-button\" href=\"https:\/\/www.facebook.com\/kopainkopine\" target=\"_blank\" rel=\"noreferrer noopener\"><strong><mark style=\"background-color:rgba(0, 0, 0, 0)\" class=\"has-inline-color has-black-color\">Consultez notre Facebook, les plats du jour y sont publi\u00e9s toutes les semaines<\/mark><\/strong> ^^<\/a><\/div>\n<\/div>\n<\/div><\/div>\n\n\n\n<figure class=\"wp-block-image size-large\"><img loading=\"lazy\" decoding=\"async\" width=\"1024\" height=\"1024\" src=\"https:\/\/kopainkopine.com\/wp-content\/uploads\/2023\/11\/home-1-1024x1024.jpg\" alt=\"\" class=\"wp-image-195\" srcset=\"https:\/\/kopainkopine.com\/wp-content\/uploads\/2023\/11\/home-1-1024x1024.jpg 1024w, https:\/\/kopainkopine.com\/wp-content\/uploads\/2023\/11\/home-1-300x300.jpg 300w, https:\/\/kopainkopine.com\/wp-content\/uploads\/2023\/11\/home-1-150x150.jpg 150w, https:\/\/kopainkopine.com\/wp-content\/uploads\/2023\/11\/home-1-768x768.jpg 768w, https:\/\/kopainkopine.com\/wp-content\/uploads\/2023\/11\/home-1-1536x1536.jpg 1536w, https:\/\/kopainkopine.com\/wp-content\/uploads\/2023\/11\/home-1-2048x2048.jpg 2048w\" sizes=\"auto, (max-width: 1024px) 100vw, 1024px\" \/><\/figure>\n","protected":false},"excerpt":{"rendered":"<p>Nich\u00e9 au coeur du DRAKKAR, 2405 Route des Dolines \u00e0 Sophia-Antipolis, il est ouvert du Lundi au Vendredi, de 11h \u00e0 14h, pour d\u00e9jeuner sans perdre de temps, ou au contraire y prendre le temps&#8230; En fonction de votre faim ou de la dur\u00e9e de votre pause, vous y trouverez tous les jours un tr\u00e8s<\/p>\n<div class=\"clear\"><\/div>\n<p><a class=\"ReadMore\" href=\"https:\/\/kopainkopine.com\/\">Read More<\/a><\/p>\n","protected":false},"author":2,"featured_media":0,"parent":0,"menu_order":0,"comment_status":"closed","ping_status":"closed","template":"","meta":{"footnotes":""},"class_list":["post-16","page","type-page","status-publish","hentry"],"_links":{"self":[{"href":"https:\/\/kopainkopine.com\/index.php\/wp-json\/wp\/v2\/pages\/16","targetHints":{"allow":["GET"]}}],"collection":[{"href":"https:\/\/kopainkopine.com\/index.php\/wp-json\/wp\/v2\/pages"}],"about":[{"href":"https:\/\/kopainkopine.com\/index.php\/wp-json\/wp\/v2\/types\/page"}],"author":[{"embeddable":true,"href":"https:\/\/kopainkopine.com\/index.php\/wp-json\/wp\/v2\/users\/2"}],"replies":[{"embeddable":true,"href":"https:\/\/kopainkopine.com\/index.php\/wp-json\/wp\/v2\/comments?post=16"}],"version-history":[{"count":77,"href":"https:\/\/kopainkopine.com\/index.php\/wp-json\/wp\/v2\/pages\/16\/revisions"}],"predecessor-version":[{"id":218,"href":"https:\/\/kopainkopine.com\/index.php\/wp-json\/wp\/v2\/pages\/16\/revisions\/218"}],"wp:attachment":[{"href":"https:\/\/kopainkopine.com\/index.php\/wp-json\/wp\/v2\/media?parent=16"}],"curies":[{"name":"wp","href":"https:\/\/api.w.org\/{rel}","templated":true}]}}